{"id":1301,"date":"2021-11-26T12:18:42","date_gmt":"2021-11-26T11:18:42","guid":{"rendered":"https:\/\/shoppsy.net\/all-in-one\/"},"modified":"2024-10-10T12:50:27","modified_gmt":"2024-10-10T10:50:27","slug":"all-in-one","status":"publish","type":"page","link":"https:\/\/shoppsy.net\/sr\/all-in-one\/","title":{"rendered":"All in One"},"content":{"rendered":"<figure class=\"all-in-one-img\"><img decoding=\"async\" class=\"alignnone wp-image-201 size-full\" src=\"https:\/\/shoppsy.net\/wp-content\/uploads\/2021\/11\/features-img_06.png\" alt=\"Icon\" width=\"74\" height=\"74\" \/><\/figure>\n<h1>Sveobuhvatna usluga<\/h1>\n<p><span style=\"font-weight: 400;\">Shoppsy pru\u017ea mogu\u0107nost da na jednom mestu dobijete sve \u0161to vam je potrebno za uspe\u0161no e-commerce poslovanje.<\/span><\/p>\n","protected":false},"excerpt":{"rendered":"<p>Sveobuhvatna usluga Shoppsy pru\u017ea mogu\u0107nost da na jednom mestu dobijete sve \u0161to vam je potrebno za uspe\u0161no e-commerce poslovanje.<\/p>\n","protected":false},"author":2,"featured_media":1208,"parent":0,"menu_order":0,"comment_status":"closed","ping_status":"closed","template":"all-in-one.php","meta":{"_acf_changed":false,"_seopress_robots_primary_cat":"","_seopress_titles_title":"Shoppsy - All in One - Sveobuhvatna usluga","_seopress_titles_desc":"Shoppsy pru\u017ea mogu\u0107nost da na jednom mestu dobijete sve \u0161to vam je potrebno za uspe\u0161no e-commerce poslovanje.","_seopress_robots_index":"","footnotes":""},"class_list":["post-1301","page","type-page","status-publish","has-post-thumbnail","hentry"],"acf":[],"_links":{"self":[{"href":"https:\/\/shoppsy.net\/sr\/wp-json\/wp\/v2\/pages\/1301","targetHints":{"allow":["GET"]}}],"collection":[{"href":"https:\/\/shoppsy.net\/sr\/wp-json\/wp\/v2\/pages"}],"about":[{"href":"https:\/\/shoppsy.net\/sr\/wp-json\/wp\/v2\/types\/page"}],"author":[{"embeddable":true,"href":"https:\/\/shoppsy.net\/sr\/wp-json\/wp\/v2\/users\/2"}],"replies":[{"embeddable":true,"href":"https:\/\/shoppsy.net\/sr\/wp-json\/wp\/v2\/comments?post=1301"}],"version-history":[{"count":10,"href":"https:\/\/shoppsy.net\/sr\/wp-json\/wp\/v2\/pages\/1301\/revisions"}],"predecessor-version":[{"id":1389,"href":"https:\/\/shoppsy.net\/sr\/wp-json\/wp\/v2\/pages\/1301\/revisions\/1389"}],"wp:featuredmedia":[{"embeddable":true,"href":"https:\/\/shoppsy.net\/sr\/wp-json\/wp\/v2\/media\/1208"}],"wp:attachment":[{"href":"https:\/\/shoppsy.net\/sr\/wp-json\/wp\/v2\/media?parent=1301"}],"curies":[{"name":"wp","href":"https:\/\/api.w.org\/{rel}","templated":true}]}}