{"id":1303,"date":"2021-11-26T12:19:00","date_gmt":"2021-11-26T11:19:00","guid":{"rendered":"https:\/\/shoppsy.net\/b2b\/"},"modified":"2024-10-11T15:31:27","modified_gmt":"2024-10-11T13:31:27","slug":"b2b","status":"publish","type":"page","link":"https:\/\/shoppsy.net\/sr\/b2b\/","title":{"rendered":"B2B"},"content":{"rendered":"<figure class=\"all-in-one-img\">\u00a0<img decoding=\"async\" class=\"alignnone wp-image-947 size-full\" src=\"https:\/\/shoppsy.net\/wp-content\/uploads\/2022\/01\/b2b-lead.png\" alt=\"Icon\" width=\"120\" height=\"120\" \/><\/figure>\n<h1><b>Optimizovana B2B<br \/>\ne-trgovina<\/b><\/h1>\n<p><span style=\"font-weight: 400;\">Pobolj\u0161ana, prilagodljiva i laka za kori\u0161\u0107enje. Dizajnirana da optimizuje va\u0161e poslovanje i funkcioni\u0161e sa va\u0161im postoje\u0107im alatima.<\/span><\/p>\n","protected":false},"excerpt":{"rendered":"<p>\u00a0 Optimizovana B2B e-trgovina Pobolj\u0161ana, prilagodljiva i laka za kori\u0161\u0107enje. Dizajnirana da optimizuje va\u0161e poslovanje i funkcioni\u0161e sa va\u0161im postoje\u0107im alatima.<\/p>\n","protected":false},"author":2,"featured_media":1198,"parent":0,"menu_order":0,"comment_status":"closed","ping_status":"closed","template":"b2b.php","meta":{"_acf_changed":false,"_seopress_robots_primary_cat":"","_seopress_titles_title":"Shoppsy - B2B - Optimizovana B2B e-trgovina","_seopress_titles_desc":"Uz Shoppsy \u0107e va\u0161a B2B trgovina biti pobolj\u0161ana i prilagodljivija; dizajnirana da optimizuje va\u0161e poslovanje i funkcioni\u0161e sa postoje\u0107im alatima.","_seopress_robots_index":"","footnotes":""},"class_list":["post-1303","page","type-page","status-publish","has-post-thumbnail","hentry"],"acf":[],"_links":{"self":[{"href":"https:\/\/shoppsy.net\/sr\/wp-json\/wp\/v2\/pages\/1303","targetHints":{"allow":["GET"]}}],"collection":[{"href":"https:\/\/shoppsy.net\/sr\/wp-json\/wp\/v2\/pages"}],"about":[{"href":"https:\/\/shoppsy.net\/sr\/wp-json\/wp\/v2\/types\/page"}],"author":[{"embeddable":true,"href":"https:\/\/shoppsy.net\/sr\/wp-json\/wp\/v2\/users\/2"}],"replies":[{"embeddable":true,"href":"https:\/\/shoppsy.net\/sr\/wp-json\/wp\/v2\/comments?post=1303"}],"version-history":[{"count":5,"href":"https:\/\/shoppsy.net\/sr\/wp-json\/wp\/v2\/pages\/1303\/revisions"}],"predecessor-version":[{"id":1426,"href":"https:\/\/shoppsy.net\/sr\/wp-json\/wp\/v2\/pages\/1303\/revisions\/1426"}],"wp:featuredmedia":[{"embeddable":true,"href":"https:\/\/shoppsy.net\/sr\/wp-json\/wp\/v2\/media\/1198"}],"wp:attachment":[{"href":"https:\/\/shoppsy.net\/sr\/wp-json\/wp\/v2\/media?parent=1303"}],"curies":[{"name":"wp","href":"https:\/\/api.w.org\/{rel}","templated":true}]}}