{"id":1311,"date":"2021-11-26T12:00:17","date_gmt":"2021-11-26T11:00:17","guid":{"rendered":"https:\/\/shoppsy.net\/features\/"},"modified":"2024-09-20T16:19:10","modified_gmt":"2024-09-20T14:19:10","slug":"funkcionalnosti","status":"publish","type":"page","link":"https:\/\/shoppsy.net\/sr\/funkcionalnosti\/","title":{"rendered":"Funkcionalnosti"},"content":{"rendered":"","protected":false},"excerpt":{"rendered":"","protected":false},"author":2,"featured_media":1281,"parent":0,"menu_order":0,"comment_status":"closed","ping_status":"closed","template":"features.php","meta":{"_acf_changed":false,"_seopress_robots_primary_cat":"","_seopress_titles_title":"Shoppsy Funkcionalnosti - Sveobuhvatna e-commerce platforma","_seopress_titles_desc":"Beskrajne mogu\u0107nosti na dohvat ruke. Shoppsy nudi funkcionalnosti koje \u0107e vam pomo\u0107i da unapredite va\u0161 biznis.","_seopress_robots_index":"","footnotes":""},"class_list":["post-1311","page","type-page","status-publish","has-post-thumbnail","hentry"],"acf":[],"_links":{"self":[{"href":"https:\/\/shoppsy.net\/sr\/wp-json\/wp\/v2\/pages\/1311","targetHints":{"allow":["GET"]}}],"collection":[{"href":"https:\/\/shoppsy.net\/sr\/wp-json\/wp\/v2\/pages"}],"about":[{"href":"https:\/\/shoppsy.net\/sr\/wp-json\/wp\/v2\/types\/page"}],"author":[{"embeddable":true,"href":"https:\/\/shoppsy.net\/sr\/wp-json\/wp\/v2\/users\/2"}],"replies":[{"embeddable":true,"href":"https:\/\/shoppsy.net\/sr\/wp-json\/wp\/v2\/comments?post=1311"}],"version-history":[{"count":4,"href":"https:\/\/shoppsy.net\/sr\/wp-json\/wp\/v2\/pages\/1311\/revisions"}],"predecessor-version":[{"id":1371,"href":"https:\/\/shoppsy.net\/sr\/wp-json\/wp\/v2\/pages\/1311\/revisions\/1371"}],"wp:featuredmedia":[{"embeddable":true,"href":"https:\/\/shoppsy.net\/sr\/wp-json\/wp\/v2\/media\/1281"}],"wp:attachment":[{"href":"https:\/\/shoppsy.net\/sr\/wp-json\/wp\/v2\/media?parent=1311"}],"curies":[{"name":"wp","href":"https:\/\/api.w.org\/{rel}","templated":true}]}}