{"id":1316,"date":"2021-11-26T09:05:56","date_gmt":"2021-11-26T08:05:56","guid":{"rendered":"https:\/\/shoppsy.net\/homepage\/"},"modified":"2024-10-11T12:52:45","modified_gmt":"2024-10-11T10:52:45","slug":"homepage","status":"publish","type":"page","link":"https:\/\/shoppsy.net\/sr\/","title":{"rendered":"Naslovna"},"content":{"rendered":"","protected":false},"excerpt":{"rendered":"","protected":false},"author":2,"featured_media":1267,"parent":0,"menu_order":0,"comment_status":"closed","ping_status":"closed","template":"","meta":{"_acf_changed":false,"_seopress_robots_primary_cat":"","_seopress_titles_title":"Shoppsy - Sveobuhvatno re\u0161enje za uspe\u0161nu online prodaju","_seopress_titles_desc":"Preuzmite potpunu kontrolu nad svojom online prodavnicom uz sve potrebne e-commerce funkcionalnosti. Po\u010dnite da unapre\u0111ujete svoj biznis ve\u0107 danas!","_seopress_robots_index":"","footnotes":""},"class_list":["post-1316","page","type-page","status-publish","has-post-thumbnail","hentry"],"acf":[],"_links":{"self":[{"href":"https:\/\/shoppsy.net\/sr\/wp-json\/wp\/v2\/pages\/1316","targetHints":{"allow":["GET"]}}],"collection":[{"href":"https:\/\/shoppsy.net\/sr\/wp-json\/wp\/v2\/pages"}],"about":[{"href":"https:\/\/shoppsy.net\/sr\/wp-json\/wp\/v2\/types\/page"}],"author":[{"embeddable":true,"href":"https:\/\/shoppsy.net\/sr\/wp-json\/wp\/v2\/users\/2"}],"replies":[{"embeddable":true,"href":"https:\/\/shoppsy.net\/sr\/wp-json\/wp\/v2\/comments?post=1316"}],"version-history":[{"count":11,"href":"https:\/\/shoppsy.net\/sr\/wp-json\/wp\/v2\/pages\/1316\/revisions"}],"predecessor-version":[{"id":1413,"href":"https:\/\/shoppsy.net\/sr\/wp-json\/wp\/v2\/pages\/1316\/revisions\/1413"}],"wp:featuredmedia":[{"embeddable":true,"href":"https:\/\/shoppsy.net\/sr\/wp-json\/wp\/v2\/media\/1267"}],"wp:attachment":[{"href":"https:\/\/shoppsy.net\/sr\/wp-json\/wp\/v2\/media?parent=1316"}],"curies":[{"name":"wp","href":"https:\/\/api.w.org\/{rel}","templated":true}]}}