{"id":1321,"date":"2021-11-26T12:18:26","date_gmt":"2021-11-26T11:18:26","guid":{"rendered":"https:\/\/shoppsy.net\/multi-chanel\/"},"modified":"2024-10-10T11:24:41","modified_gmt":"2024-10-10T09:24:41","slug":"multi-chanel","status":"publish","type":"page","link":"https:\/\/shoppsy.net\/sr\/multi-chanel\/","title":{"rendered":"Multi-Chanel"},"content":{"rendered":"<figure class=\"all-in-one-img\" data-wp-editing=\"1\"><img decoding=\"async\" class=\"aligncenter wp-image-319 size-full\" src=\"https:\/\/shoppsy.net\/wp-content\/uploads\/2021\/11\/multi-lead.png\" alt=\"Icon\" width=\"94\" height=\"140\" \/><\/figure>\n<h1 style=\"text-align: center;\">Budite prisutni gde va\u0161i klijenti kupuju<\/h1>\n<p style=\"text-align: center;\">Pru\u017eite isti kvalitet usluge<span style=\"font-weight: 400;\"> preko mobilnih ure\u0111aja, dru\u0161tvenih mre\u017ea, razli\u010ditih tr\u017ei\u0161ta i na mestu prodaje<\/span>.<\/p>\n","protected":false},"excerpt":{"rendered":"<p>Budite prisutni gde va\u0161i klijenti kupuju Pru\u017eite isti kvalitet usluge preko mobilnih ure\u0111aja, dru\u0161tvenih mre\u017ea, razli\u010ditih tr\u017ei\u0161ta i na mestu prodaje.<\/p>\n","protected":false},"author":2,"featured_media":1281,"parent":0,"menu_order":0,"comment_status":"closed","ping_status":"closed","template":"multi.php","meta":{"_acf_changed":false,"_seopress_robots_primary_cat":"","_seopress_titles_title":"Shoppsy - MultiChanel - Budite tamo gde va\u0161i klijenti kupuju","_seopress_titles_desc":"Uz Shoppsy, MultiChanel e-commerce platformu pru\u017eite klijentima isti kvalitet preko mobilnih ure\u0111aja, dru\u0161tvenih mre\u017ea, razli\u010ditih tr\u017ei\u0161ta i na mestu prodaje.","_seopress_robots_index":"","footnotes":""},"class_list":["post-1321","page","type-page","status-publish","has-post-thumbnail","hentry"],"acf":[],"_links":{"self":[{"href":"https:\/\/shoppsy.net\/sr\/wp-json\/wp\/v2\/pages\/1321","targetHints":{"allow":["GET"]}}],"collection":[{"href":"https:\/\/shoppsy.net\/sr\/wp-json\/wp\/v2\/pages"}],"about":[{"href":"https:\/\/shoppsy.net\/sr\/wp-json\/wp\/v2\/types\/page"}],"author":[{"embeddable":true,"href":"https:\/\/shoppsy.net\/sr\/wp-json\/wp\/v2\/users\/2"}],"replies":[{"embeddable":true,"href":"https:\/\/shoppsy.net\/sr\/wp-json\/wp\/v2\/comments?post=1321"}],"version-history":[{"count":5,"href":"https:\/\/shoppsy.net\/sr\/wp-json\/wp\/v2\/pages\/1321\/revisions"}],"predecessor-version":[{"id":1380,"href":"https:\/\/shoppsy.net\/sr\/wp-json\/wp\/v2\/pages\/1321\/revisions\/1380"}],"wp:featuredmedia":[{"embeddable":true,"href":"https:\/\/shoppsy.net\/sr\/wp-json\/wp\/v2\/media\/1281"}],"wp:attachment":[{"href":"https:\/\/shoppsy.net\/sr\/wp-json\/wp\/v2\/media?parent=1321"}],"curies":[{"name":"wp","href":"https:\/\/api.w.org\/{rel}","templated":true}]}}