{"id":1322,"date":"2024-04-23T14:22:02","date_gmt":"2024-04-23T12:22:02","guid":{"rendered":"https:\/\/shoppsy.net\/our-projects\/"},"modified":"2024-10-10T16:45:51","modified_gmt":"2024-10-10T14:45:51","slug":"nasi-projekti","status":"publish","type":"page","link":"https:\/\/shoppsy.net\/sr\/nasi-projekti\/","title":{"rendered":"Na\u0161i projekti"},"content":{"rendered":"","protected":false},"excerpt":{"rendered":"","protected":false},"author":5,"featured_media":1281,"parent":0,"menu_order":0,"comment_status":"closed","ping_status":"closed","template":"page-for-projects.php","meta":{"_acf_changed":false,"_seopress_robots_primary_cat":"","_seopress_titles_title":"Shoppsy - Na\u0161i projekti i klijenti","_seopress_titles_desc":"Neograni\u010dene mogu\u0107nosti su vam na raspolaganju. Shoppsy nudi funkcionalnosti koje \u0107e vam pomo\u0107i da razvijete svoj biznis.","_seopress_robots_index":"","footnotes":""},"class_list":["post-1322","page","type-page","status-publish","has-post-thumbnail","hentry"],"acf":[],"_links":{"self":[{"href":"https:\/\/shoppsy.net\/sr\/wp-json\/wp\/v2\/pages\/1322","targetHints":{"allow":["GET"]}}],"collection":[{"href":"https:\/\/shoppsy.net\/sr\/wp-json\/wp\/v2\/pages"}],"about":[{"href":"https:\/\/shoppsy.net\/sr\/wp-json\/wp\/v2\/types\/page"}],"author":[{"embeddable":true,"href":"https:\/\/shoppsy.net\/sr\/wp-json\/wp\/v2\/users\/5"}],"replies":[{"embeddable":true,"href":"https:\/\/shoppsy.net\/sr\/wp-json\/wp\/v2\/comments?post=1322"}],"version-history":[{"count":3,"href":"https:\/\/shoppsy.net\/sr\/wp-json\/wp\/v2\/pages\/1322\/revisions"}],"predecessor-version":[{"id":1401,"href":"https:\/\/shoppsy.net\/sr\/wp-json\/wp\/v2\/pages\/1322\/revisions\/1401"}],"wp:featuredmedia":[{"embeddable":true,"href":"https:\/\/shoppsy.net\/sr\/wp-json\/wp\/v2\/media\/1281"}],"wp:attachment":[{"href":"https:\/\/shoppsy.net\/sr\/wp-json\/wp\/v2\/media?parent=1322"}],"curies":[{"name":"wp","href":"https:\/\/api.w.org\/{rel}","templated":true}]}}