{"id":1326,"date":"2021-11-26T12:18:52","date_gmt":"2021-11-26T11:18:52","guid":{"rendered":"https:\/\/shoppsy.net\/promote\/"},"modified":"2024-10-10T13:24:50","modified_gmt":"2024-10-10T11:24:50","slug":"promocija","status":"publish","type":"page","link":"https:\/\/shoppsy.net\/sr\/promocija\/","title":{"rendered":"Promocija"},"content":{"rendered":"<figure class=\"all-in-one-img\"><img decoding=\"async\" class=\"alignnone wp-image-196 size-full\" src=\"https:\/\/shoppsy.net\/wp-content\/uploads\/2021\/11\/features-img_02.png\" alt=\"Icon\" width=\"62\" height=\"82\" \/><\/figure>\n<h1><b>Brzi rezultati uz promociju proizvoda<\/b><\/h1>\n<p><span style=\"font-weight: 400;\">Imamo sve alate koji \u0107e vam pomo\u0107i da rastete. Shoppsy kontrolna tabla omogu\u0107ava vam da upravljate svojim ogla\u0161avanjima sa jednog mesta. Privucite prave kupce na va\u0161 sajt uz niskobud\u017eetne, pay-per-click reklame.<\/span><\/p>\n","protected":false},"excerpt":{"rendered":"<p>Brzi rezultati uz promociju proizvoda Imamo sve alate koji \u0107e vam pomo\u0107i da rastete. Shoppsy kontrolna tabla omogu\u0107ava vam da upravljate svojim ogla\u0161avanjima sa jednog mesta. Privucite prave kupce na va\u0161 sajt uz niskobud\u017eetne, pay-per-click reklame.<\/p>\n","protected":false},"author":2,"featured_media":1281,"parent":0,"menu_order":0,"comment_status":"closed","ping_status":"closed","template":"promote.php","meta":{"_acf_changed":false,"_seopress_robots_primary_cat":"","_seopress_titles_title":"Shoppsy - Promocija - Brzi rezultati uz promociju proizvoda","_seopress_titles_desc":"Shoppsy nudi alate koji \u0107e vam pomo\u0107i da rastete i upravljate svojim ogla\u0161avanjima sa jednog mesta. Privucite prave kupce na va\u0161 sajt!","_seopress_robots_index":"","footnotes":""},"class_list":["post-1326","page","type-page","status-publish","has-post-thumbnail","hentry"],"acf":[],"_links":{"self":[{"href":"https:\/\/shoppsy.net\/sr\/wp-json\/wp\/v2\/pages\/1326","targetHints":{"allow":["GET"]}}],"collection":[{"href":"https:\/\/shoppsy.net\/sr\/wp-json\/wp\/v2\/pages"}],"about":[{"href":"https:\/\/shoppsy.net\/sr\/wp-json\/wp\/v2\/types\/page"}],"author":[{"embeddable":true,"href":"https:\/\/shoppsy.net\/sr\/wp-json\/wp\/v2\/users\/2"}],"replies":[{"embeddable":true,"href":"https:\/\/shoppsy.net\/sr\/wp-json\/wp\/v2\/comments?post=1326"}],"version-history":[{"count":4,"href":"https:\/\/shoppsy.net\/sr\/wp-json\/wp\/v2\/pages\/1326\/revisions"}],"predecessor-version":[{"id":1394,"href":"https:\/\/shoppsy.net\/sr\/wp-json\/wp\/v2\/pages\/1326\/revisions\/1394"}],"wp:featuredmedia":[{"embeddable":true,"href":"https:\/\/shoppsy.net\/sr\/wp-json\/wp\/v2\/media\/1281"}],"wp:attachment":[{"href":"https:\/\/shoppsy.net\/sr\/wp-json\/wp\/v2\/media?parent=1326"}],"curies":[{"name":"wp","href":"https:\/\/api.w.org\/{rel}","templated":true}]}}