{"id":1329,"date":"2021-11-26T12:00:26","date_gmt":"2021-11-26T11:00:26","guid":{"rendered":"https:\/\/shoppsy.net\/services\/"},"modified":"2024-10-10T16:42:17","modified_gmt":"2024-10-10T14:42:17","slug":"usluge","status":"publish","type":"page","link":"https:\/\/shoppsy.net\/sr\/usluge\/","title":{"rendered":"Usluge"},"content":{"rendered":"","protected":false},"excerpt":{"rendered":"","protected":false},"author":2,"featured_media":1281,"parent":0,"menu_order":0,"comment_status":"closed","ping_status":"closed","template":"services.php","meta":{"_acf_changed":false,"_seopress_robots_primary_cat":"","_seopress_titles_title":"Shoppsy - Na\u0161e Usluge","_seopress_titles_desc":"Shoppsy je pre svega e-commerce platforma, mo\u0107an alat koji \u0107e vam pomo\u0107i da unapredite svoju online prodavnicu.","_seopress_robots_index":"","footnotes":""},"class_list":["post-1329","page","type-page","status-publish","has-post-thumbnail","hentry"],"acf":[],"_links":{"self":[{"href":"https:\/\/shoppsy.net\/sr\/wp-json\/wp\/v2\/pages\/1329","targetHints":{"allow":["GET"]}}],"collection":[{"href":"https:\/\/shoppsy.net\/sr\/wp-json\/wp\/v2\/pages"}],"about":[{"href":"https:\/\/shoppsy.net\/sr\/wp-json\/wp\/v2\/types\/page"}],"author":[{"embeddable":true,"href":"https:\/\/shoppsy.net\/sr\/wp-json\/wp\/v2\/users\/2"}],"replies":[{"embeddable":true,"href":"https:\/\/shoppsy.net\/sr\/wp-json\/wp\/v2\/comments?post=1329"}],"version-history":[{"count":4,"href":"https:\/\/shoppsy.net\/sr\/wp-json\/wp\/v2\/pages\/1329\/revisions"}],"predecessor-version":[{"id":1399,"href":"https:\/\/shoppsy.net\/sr\/wp-json\/wp\/v2\/pages\/1329\/revisions\/1399"}],"wp:featuredmedia":[{"embeddable":true,"href":"https:\/\/shoppsy.net\/sr\/wp-json\/wp\/v2\/media\/1281"}],"wp:attachment":[{"href":"https:\/\/shoppsy.net\/sr\/wp-json\/wp\/v2\/media?parent=1329"}],"curies":[{"name":"wp","href":"https:\/\/api.w.org\/{rel}","templated":true}]}}