{"id":1492,"date":"2026-02-27T17:48:15","date_gmt":"2026-02-27T16:48:15","guid":{"rendered":"https:\/\/shoppsy.net\/%d1%85%d0%b2%d0%b0%d0%bb%d0%b0-%d0%b2%d0%b0%d0%bc\/"},"modified":"2026-02-27T21:09:48","modified_gmt":"2026-02-27T20:09:48","slug":"thank-you","status":"publish","type":"page","link":"https:\/\/shoppsy.net\/sr\/thank-you\/","title":{"rendered":"Hvala vam!"},"content":{"rendered":"<p><strong>Hvala vam \u0161to ste nas kontaktirali i ukazali nam poverenje.<\/strong><\/p>\n<p><strong>Primili smo va\u0161u poruku i pa\u017eljivo \u0107emo razmotriti sve informacije koje ste podelili sa nama.<\/strong><\/p>\n<p><strong>Javi\u0107emo vam se u roku od 24 sata kako bismo razgovarali o narednim koracima i mogu\u0107nostima saradnje.<\/strong><\/p>\n<p><strong>Ukoliko u me\u0111uvremenu \u017eelite da dodate jo\u0161 neki detalj u vezi sa va\u0161im projektom, slobodno nas kontaktirajte putem telefona <a href='tel:+381 64 659 65 09'>+381 64 659 65 09<\/a>.<\/strong><\/p>\n","protected":false},"excerpt":{"rendered":"<p>Hvala vam \u0161to ste nas kontaktirali i ukazali nam poverenje. Primili smo va\u0161u poruku i pa\u017eljivo \u0107emo razmotriti sve informacije koje ste podelili sa nama. Javi\u0107emo vam se u roku od 24 sata kako bismo razgovarali o narednim koracima i mogu\u0107nostima saradnje. Ukoliko u me\u0111uvremenu \u017eelite da dodate jo\u0161 neki detalj u vezi sa va\u0161im [&hellip;]<\/p>\n","protected":false},"author":5,"featured_media":0,"parent":0,"menu_order":0,"comment_status":"closed","ping_status":"closed","template":"page-thank-you.php","meta":{"_acf_changed":false,"_seopress_robots_primary_cat":"","_seopress_titles_title":"","_seopress_titles_desc":"","_seopress_robots_index":"","footnotes":""},"class_list":["post-1492","page","type-page","status-publish","hentry"],"acf":[],"_links":{"self":[{"href":"https:\/\/shoppsy.net\/sr\/wp-json\/wp\/v2\/pages\/1492","targetHints":{"allow":["GET"]}}],"collection":[{"href":"https:\/\/shoppsy.net\/sr\/wp-json\/wp\/v2\/pages"}],"about":[{"href":"https:\/\/shoppsy.net\/sr\/wp-json\/wp\/v2\/types\/page"}],"author":[{"embeddable":true,"href":"https:\/\/shoppsy.net\/sr\/wp-json\/wp\/v2\/users\/5"}],"replies":[{"embeddable":true,"href":"https:\/\/shoppsy.net\/sr\/wp-json\/wp\/v2\/comments?post=1492"}],"version-history":[{"count":4,"href":"https:\/\/shoppsy.net\/sr\/wp-json\/wp\/v2\/pages\/1492\/revisions"}],"predecessor-version":[{"id":1497,"href":"https:\/\/shoppsy.net\/sr\/wp-json\/wp\/v2\/pages\/1492\/revisions\/1497"}],"wp:attachment":[{"href":"https:\/\/shoppsy.net\/sr\/wp-json\/wp\/v2\/media?parent=1492"}],"curies":[{"name":"wp","href":"https:\/\/api.w.org\/{rel}","templated":true}]}}